{"id":1783,"date":"2018-03-12T19:58:03","date_gmt":"2018-03-12T18:58:03","guid":{"rendered":"http:\/\/www.blende2komma2.de\/herzog\/?page_id=1783"},"modified":"2024-03-13T10:52:16","modified_gmt":"2024-03-13T09:52:16","slug":"preise","status":"publish","type":"page","link":"https:\/\/www.blende2komma2.de\/herzog\/preise\/","title":{"rendered":"Preise"},"content":{"rendered":"\n<p>Hier bekommt ihr einen \u00dcberblick \u00fcber mein fotografisches Angebot und die entsprechenden Preise. Bei weiteren Anfragen schreibt mir gern eine E-Mail an maria@herzogfotografie.de<\/p>\n\n\n\n<p><strong>Portrait f\u00fcr dich und dein Unternehmen<\/strong><\/p>\n\n\n\n<p>Ich mag es, wie Verbindungen entstehen und aus fremden Menschen echte Inspirationen werden.\u00a0 Wenn du dir also mal Bilder von dir ganz alleine g\u00f6nnen m\u00f6chtest oder aber Fotos brauchst, um dich und deinen Beruf professionell darzustellen, melde dich gern bei mir. Ich begleite dich bei besonderen Ereignissen, Terminen und Emotionen.\u00a0 <br><br>Mehr Beispiele findest du<a rel=\"noreferrer noopener\" href=\"https:\/\/herzogfotografie.de\/echtegesichter\" target=\"_blank\"> HIER<\/a> oder in der Kategorie &#8222;Echte Gesichter&#8220;<br><br>Dauer: etwa 1,5-2 Stunden<\/p>\n\n\n\n<p>Anzahl der Bilder, die du als Datei zum Download inkl. besprochener Nutzungsrechte erh\u00e4ltst:  mindestens 30<\/p>\n\n\n\n<p>Preis: ab 350\u20ac  (zzgl. eventueller Fahrtkosten und individueller W\u00fcnsche)<\/p>\n\n\n\n<figure class=\"wp-block-gallery has-nested-images columns-default is-cropped wp-block-gallery-1 is-layout-flex wp-block-gallery-is-layout-flex\">\n<figure class=\"wp-block-image size-large\"><img loading=\"lazy\" decoding=\"async\" width=\"683\" height=\"1024\" data-id=\"2305\" src=\"https:\/\/www.blende2komma2.de\/herzog\/wp-content\/uploads\/2022\/12\/DSC1033-683x1024.jpg\" alt=\"\" class=\"wp-image-2305\" srcset=\"https:\/\/www.blende2komma2.de\/herzog\/wp-content\/uploads\/2022\/12\/DSC1033-683x1024.jpg 683w, https:\/\/www.blende2komma2.de\/herzog\/wp-content\/uploads\/2022\/12\/DSC1033-200x300.jpg 200w, https:\/\/www.blende2komma2.de\/herzog\/wp-content\/uploads\/2022\/12\/DSC1033-768x1152.jpg 768w, https:\/\/www.blende2komma2.de\/herzog\/wp-content\/uploads\/2022\/12\/DSC1033-1024x1536.jpg 1024w, https:\/\/www.blende2komma2.de\/herzog\/wp-content\/uploads\/2022\/12\/DSC1033-1365x2048.jpg 1365w, https:\/\/www.blende2komma2.de\/herzog\/wp-content\/uploads\/2022\/12\/DSC1033-scaled.jpg 1707w\" sizes=\"auto, (max-width: 683px) 100vw, 683px\" \/><\/figure>\n\n\n\n<figure class=\"wp-block-image size-large\"><img loading=\"lazy\" decoding=\"async\" width=\"683\" height=\"1024\" data-id=\"2316\" src=\"https:\/\/www.blende2komma2.de\/herzog\/wp-content\/uploads\/2022\/12\/MG_0087-Bearbeitet-683x1024.jpg\" alt=\"\" class=\"wp-image-2316\" srcset=\"https:\/\/www.blende2komma2.de\/herzog\/wp-content\/uploads\/2022\/12\/MG_0087-Bearbeitet-683x1024.jpg 683w, https:\/\/www.blende2komma2.de\/herzog\/wp-content\/uploads\/2022\/12\/MG_0087-Bearbeitet-200x300.jpg 200w, https:\/\/www.blende2komma2.de\/herzog\/wp-content\/uploads\/2022\/12\/MG_0087-Bearbeitet-768x1152.jpg 768w, https:\/\/www.blende2komma2.de\/herzog\/wp-content\/uploads\/2022\/12\/MG_0087-Bearbeitet-1024x1536.jpg 1024w, https:\/\/www.blende2komma2.de\/herzog\/wp-content\/uploads\/2022\/12\/MG_0087-Bearbeitet-1365x2048.jpg 1365w, https:\/\/www.blende2komma2.de\/herzog\/wp-content\/uploads\/2022\/12\/MG_0087-Bearbeitet-scaled.jpg 1707w\" sizes=\"auto, (max-width: 683px) 100vw, 683px\" \/><\/figure>\n\n\n\n<figure class=\"wp-block-image size-large\"><img loading=\"lazy\" decoding=\"async\" width=\"1024\" height=\"682\" data-id=\"2307\" src=\"https:\/\/www.blende2komma2.de\/herzog\/wp-content\/uploads\/2022\/12\/DSC0226-1024x682.jpg\" alt=\"\" class=\"wp-image-2307\" srcset=\"https:\/\/www.blende2komma2.de\/herzog\/wp-content\/uploads\/2022\/12\/DSC0226-1024x682.jpg 1024w, https:\/\/www.blende2komma2.de\/herzog\/wp-content\/uploads\/2022\/12\/DSC0226-300x200.jpg 300w, https:\/\/www.blende2komma2.de\/herzog\/wp-content\/uploads\/2022\/12\/DSC0226-768x512.jpg 768w, https:\/\/www.blende2komma2.de\/herzog\/wp-content\/uploads\/2022\/12\/DSC0226-1536x1024.jpg 1536w, https:\/\/www.blende2komma2.de\/herzog\/wp-content\/uploads\/2022\/12\/DSC0226.jpg 2000w\" sizes=\"auto, (max-width: 1024px) 100vw, 1024px\" \/><\/figure>\n<\/figure>\n\n\n\n<p><\/p>\n\n\n\n<p><\/p>\n\n\n\n<p><strong>Familienreportage&nbsp;<\/strong><\/p>\n\n\n\n<p>Ob als Einzelperson, Paar oder Familie: Portraitfotos halten die Zeit f\u00fcr einen Moment an und bewahren das, was gerade ist. Hierbei leite ich euch ein wenig an, lasse aber gen\u00fcgend Spielraum f\u00fcr authentische Situationen und Momente.&nbsp; Wir treffen uns entweder in eurem Zuhause oder aber irgendwo im Gr\u00fcnen.&nbsp;&nbsp;<\/p>\n\n\n\n<p>Dauer: 60 &#8211; 90 Minuten<br>Personenanzahl: 1 &#8211; 5 (bitte fragt bei mehr Personen per E-Mail an)<\/p>\n\n\n\n<p>Anzahl der Bilder, die ihr als Datei zum Download erhaltet: mindestens 45<\/p>\n\n\n\n<p>Preis: 280\u20ac<br>(zzgl. eventueller Fahrtkosten)<\/p>\n\n\n\n<figure class=\"wp-block-gallery has-nested-images columns-default is-cropped wp-block-gallery-2 is-layout-flex wp-block-gallery-is-layout-flex\">\n<figure class=\"wp-block-image size-large\"><img loading=\"lazy\" decoding=\"async\" width=\"1024\" height=\"683\" data-id=\"2173\" src=\"https:\/\/www.blende2komma2.de\/herzog\/wp-content\/uploads\/2020\/11\/98A6423-1024x683.jpg\" alt=\"\" class=\"wp-image-2173\" srcset=\"https:\/\/www.blende2komma2.de\/herzog\/wp-content\/uploads\/2020\/11\/98A6423-1024x683.jpg 1024w, https:\/\/www.blende2komma2.de\/herzog\/wp-content\/uploads\/2020\/11\/98A6423-300x200.jpg 300w, https:\/\/www.blende2komma2.de\/herzog\/wp-content\/uploads\/2020\/11\/98A6423-768x512.jpg 768w, https:\/\/www.blende2komma2.de\/herzog\/wp-content\/uploads\/2020\/11\/98A6423-1536x1024.jpg 1536w, https:\/\/www.blende2komma2.de\/herzog\/wp-content\/uploads\/2020\/11\/98A6423-2048x1365.jpg 2048w\" sizes=\"auto, (max-width: 1024px) 100vw, 1024px\" \/><\/figure>\n\n\n\n<figure class=\"wp-block-image size-large\"><img loading=\"lazy\" decoding=\"async\" width=\"1024\" height=\"683\" data-id=\"2174\" src=\"https:\/\/www.blende2komma2.de\/herzog\/wp-content\/uploads\/2020\/11\/Familie-Klawitter-19-1-1024x683.jpg\" alt=\"\" class=\"wp-image-2174\" srcset=\"https:\/\/www.blende2komma2.de\/herzog\/wp-content\/uploads\/2020\/11\/Familie-Klawitter-19-1-1024x683.jpg 1024w, https:\/\/www.blende2komma2.de\/herzog\/wp-content\/uploads\/2020\/11\/Familie-Klawitter-19-1-300x200.jpg 300w, https:\/\/www.blende2komma2.de\/herzog\/wp-content\/uploads\/2020\/11\/Familie-Klawitter-19-1-768x512.jpg 768w, https:\/\/www.blende2komma2.de\/herzog\/wp-content\/uploads\/2020\/11\/Familie-Klawitter-19-1-1536x1024.jpg 1536w, https:\/\/www.blende2komma2.de\/herzog\/wp-content\/uploads\/2020\/11\/Familie-Klawitter-19-1-2048x1365.jpg 2048w\" sizes=\"auto, (max-width: 1024px) 100vw, 1024px\" \/><\/figure>\n\n\n\n<figure class=\"wp-block-image size-large\"><img loading=\"lazy\" decoding=\"async\" width=\"1024\" height=\"683\" data-id=\"2175\" src=\"https:\/\/www.blende2komma2.de\/herzog\/wp-content\/uploads\/2020\/11\/Tempelhofer-Feld-20-1-1024x683.jpg\" alt=\"\" class=\"wp-image-2175\" srcset=\"https:\/\/www.blende2komma2.de\/herzog\/wp-content\/uploads\/2020\/11\/Tempelhofer-Feld-20-1-1024x683.jpg 1024w, https:\/\/www.blende2komma2.de\/herzog\/wp-content\/uploads\/2020\/11\/Tempelhofer-Feld-20-1-300x200.jpg 300w, https:\/\/www.blende2komma2.de\/herzog\/wp-content\/uploads\/2020\/11\/Tempelhofer-Feld-20-1-768x512.jpg 768w, https:\/\/www.blende2komma2.de\/herzog\/wp-content\/uploads\/2020\/11\/Tempelhofer-Feld-20-1-1536x1024.jpg 1536w, https:\/\/www.blende2komma2.de\/herzog\/wp-content\/uploads\/2020\/11\/Tempelhofer-Feld-20-1-2048x1365.jpg 2048w\" sizes=\"auto, (max-width: 1024px) 100vw, 1024px\" \/><\/figure>\n<\/figure>\n\n\n\n<p><\/p>\n\n\n\n<p><\/p>\n\n\n\n<p><\/p>\n\n\n\n<p><strong>Wochenbettreportage<\/strong><\/p>\n\n\n\n<p>Die erste Zeit mit einem Neugeborenen ist besonders magisch. Aber auch genauso verletzlich, unsicher und neu. Deshalb komme ich zu Euch nach Hause, ihr k\u00f6nnt ganz entspannt in einer sicheren Umgebung das neue Familienmitglied kennen lernen, stillen oder wickeln, wann immer es das Baby braucht und einfach IHR sein.<\/p>\n\n\n\n<p>Zeitpunkt: ein paar Tage bis etwa 6 Wochen nach der Geburt<br>Mehr Informationen zum Ablauf des Shootings findet ihr <a href=\"https:\/\/bit.ly\/2suc0ym\">HIER<\/a><\/p>\n\n\n\n<p>Dauer: 30 &#8211; 45 Minuten (ohne Druck, wir k\u00f6nnen uns auch mehr Zeit lassen)<\/p>\n\n\n\n<p>Anzahl der Bilder, die ihr als Datei zum Download erhaltet: mindestens 30<\/p>\n\n\n\n<p>Preis: 220\u20ac<br>(zzgl. eventueller Fahrtkosten)<\/p>\n\n\n\n<figure class=\"wp-block-gallery has-nested-images columns-default is-cropped wp-block-gallery-3 is-layout-flex wp-block-gallery-is-layout-flex\">\n<figure class=\"wp-block-image size-large\"><img loading=\"lazy\" decoding=\"async\" width=\"1024\" height=\"683\" data-id=\"2179\" src=\"https:\/\/www.blende2komma2.de\/herzog\/wp-content\/uploads\/2020\/11\/Wochenbett-4-1-1024x683.jpg\" alt=\"\" class=\"wp-image-2179\" srcset=\"https:\/\/www.blende2komma2.de\/herzog\/wp-content\/uploads\/2020\/11\/Wochenbett-4-1-1024x683.jpg 1024w, https:\/\/www.blende2komma2.de\/herzog\/wp-content\/uploads\/2020\/11\/Wochenbett-4-1-300x200.jpg 300w, https:\/\/www.blende2komma2.de\/herzog\/wp-content\/uploads\/2020\/11\/Wochenbett-4-1-768x512.jpg 768w, https:\/\/www.blende2komma2.de\/herzog\/wp-content\/uploads\/2020\/11\/Wochenbett-4-1-1536x1024.jpg 1536w, https:\/\/www.blende2komma2.de\/herzog\/wp-content\/uploads\/2020\/11\/Wochenbett-4-1-2048x1365.jpg 2048w\" sizes=\"auto, (max-width: 1024px) 100vw, 1024px\" \/><\/figure>\n\n\n\n<figure class=\"wp-block-image size-large\"><img loading=\"lazy\" decoding=\"async\" width=\"1024\" height=\"683\" data-id=\"2180\" src=\"https:\/\/www.blende2komma2.de\/herzog\/wp-content\/uploads\/2020\/11\/Wochenbett-11-1024x683.jpg\" alt=\"\" class=\"wp-image-2180\" srcset=\"https:\/\/www.blende2komma2.de\/herzog\/wp-content\/uploads\/2020\/11\/Wochenbett-11-1024x683.jpg 1024w, https:\/\/www.blende2komma2.de\/herzog\/wp-content\/uploads\/2020\/11\/Wochenbett-11-300x200.jpg 300w, https:\/\/www.blende2komma2.de\/herzog\/wp-content\/uploads\/2020\/11\/Wochenbett-11-768x512.jpg 768w, https:\/\/www.blende2komma2.de\/herzog\/wp-content\/uploads\/2020\/11\/Wochenbett-11-1536x1024.jpg 1536w, https:\/\/www.blende2komma2.de\/herzog\/wp-content\/uploads\/2020\/11\/Wochenbett-11-2048x1365.jpg 2048w\" sizes=\"auto, (max-width: 1024px) 100vw, 1024px\" \/><\/figure>\n\n\n\n<figure class=\"wp-block-image size-large\"><img loading=\"lazy\" decoding=\"async\" width=\"1024\" height=\"683\" data-id=\"2181\" src=\"https:\/\/www.blende2komma2.de\/herzog\/wp-content\/uploads\/2020\/11\/Wochenbett-28-1024x683.jpg\" alt=\"\" class=\"wp-image-2181\" srcset=\"https:\/\/www.blende2komma2.de\/herzog\/wp-content\/uploads\/2020\/11\/Wochenbett-28-1024x683.jpg 1024w, https:\/\/www.blende2komma2.de\/herzog\/wp-content\/uploads\/2020\/11\/Wochenbett-28-300x200.jpg 300w, https:\/\/www.blende2komma2.de\/herzog\/wp-content\/uploads\/2020\/11\/Wochenbett-28-768x512.jpg 768w, https:\/\/www.blende2komma2.de\/herzog\/wp-content\/uploads\/2020\/11\/Wochenbett-28-1536x1024.jpg 1536w, https:\/\/www.blende2komma2.de\/herzog\/wp-content\/uploads\/2020\/11\/Wochenbett-28-2048x1365.jpg 2048w\" sizes=\"auto, (max-width: 1024px) 100vw, 1024px\" \/><\/figure>\n<\/figure>\n\n\n\n<p><\/p>\n\n\n\n<p><\/p>\n\n\n\n<p><\/p>\n\n\n\n<p><\/p>\n\n\n\n<p><strong>Home Story<\/strong><\/p>\n\n\n\n<p>Es gibt Momente des Alltags, die viel zu oft verloren gehen. Dabei sind sie es doch, die unser Familienleben ausmachen und uns so viel Gl\u00fcck und Freude bringen. Ich m\u00f6chte sie beobachten, sehen, festhalten und euch mitgeben, damit ihr sie nie wieder vergessen k\u00f6nnt. Sodass ihr sie in schwierigen Zeiten wieder hervorholt und euch daran erinnert, wof\u00fcr ihre jeden Tag aufsteht, Brote schmiert, Rotznasen abwischt, Tr\u00e4nen tr\u00f6stet und Monster verscheucht. <\/p>\n\n\n\n<p>Dauer: 2,5 &#8211; 3 Stunden bei euch Zuhause<\/p>\n\n\n\n<p>Anzahl der Bilder, die ihr als Datei zum Download erhaltet: mindestens 90<\/p>\n\n\n\n<p>Preis: 390\u20ac<br>(zzgl. eventueller Fahrtkosten)<\/p>\n\n\n\n<figure class=\"wp-block-gallery has-nested-images columns-default is-cropped wp-block-gallery-4 is-layout-flex wp-block-gallery-is-layout-flex\">\n<figure class=\"wp-block-image size-large\"><img loading=\"lazy\" decoding=\"async\" width=\"1024\" height=\"683\" data-id=\"2182\" src=\"https:\/\/www.blende2komma2.de\/herzog\/wp-content\/uploads\/2020\/11\/98A7363-1-1024x683.jpg\" alt=\"\" class=\"wp-image-2182\" srcset=\"https:\/\/www.blende2komma2.de\/herzog\/wp-content\/uploads\/2020\/11\/98A7363-1-1024x683.jpg 1024w, https:\/\/www.blende2komma2.de\/herzog\/wp-content\/uploads\/2020\/11\/98A7363-1-300x200.jpg 300w, https:\/\/www.blende2komma2.de\/herzog\/wp-content\/uploads\/2020\/11\/98A7363-1-768x512.jpg 768w, https:\/\/www.blende2komma2.de\/herzog\/wp-content\/uploads\/2020\/11\/98A7363-1-1536x1024.jpg 1536w, https:\/\/www.blende2komma2.de\/herzog\/wp-content\/uploads\/2020\/11\/98A7363-1-2048x1365.jpg 2048w\" sizes=\"auto, (max-width: 1024px) 100vw, 1024px\" \/><\/figure>\n\n\n\n<figure class=\"wp-block-image size-large\"><img loading=\"lazy\" decoding=\"async\" width=\"1024\" height=\"683\" data-id=\"2183\" src=\"https:\/\/www.blende2komma2.de\/herzog\/wp-content\/uploads\/2020\/11\/98A8031-1024x683.jpg\" alt=\"\" class=\"wp-image-2183\" srcset=\"https:\/\/www.blende2komma2.de\/herzog\/wp-content\/uploads\/2020\/11\/98A8031-1024x683.jpg 1024w, https:\/\/www.blende2komma2.de\/herzog\/wp-content\/uploads\/2020\/11\/98A8031-300x200.jpg 300w, https:\/\/www.blende2komma2.de\/herzog\/wp-content\/uploads\/2020\/11\/98A8031-768x512.jpg 768w, https:\/\/www.blende2komma2.de\/herzog\/wp-content\/uploads\/2020\/11\/98A8031-1536x1024.jpg 1536w, https:\/\/www.blende2komma2.de\/herzog\/wp-content\/uploads\/2020\/11\/98A8031-2048x1365.jpg 2048w\" sizes=\"auto, (max-width: 1024px) 100vw, 1024px\" \/><\/figure>\n\n\n\n<figure class=\"wp-block-image size-large\"><img loading=\"lazy\" decoding=\"async\" width=\"1024\" height=\"683\" data-id=\"2186\" src=\"https:\/\/www.blende2komma2.de\/herzog\/wp-content\/uploads\/2020\/11\/98A9467-2-1024x683.jpg\" alt=\"\" class=\"wp-image-2186\" srcset=\"https:\/\/www.blende2komma2.de\/herzog\/wp-content\/uploads\/2020\/11\/98A9467-2-1024x683.jpg 1024w, https:\/\/www.blende2komma2.de\/herzog\/wp-content\/uploads\/2020\/11\/98A9467-2-300x200.jpg 300w, https:\/\/www.blende2komma2.de\/herzog\/wp-content\/uploads\/2020\/11\/98A9467-2-768x512.jpg 768w, https:\/\/www.blende2komma2.de\/herzog\/wp-content\/uploads\/2020\/11\/98A9467-2-1536x1024.jpg 1536w, https:\/\/www.blende2komma2.de\/herzog\/wp-content\/uploads\/2020\/11\/98A9467-2-2048x1365.jpg 2048w\" sizes=\"auto, (max-width: 1024px) 100vw, 1024px\" \/><\/figure>\n<\/figure>\n\n\n\n<p><\/p>\n\n\n\n<p><\/p>\n\n\n\n<p><\/p>\n\n\n\n<p><\/p>\n\n\n\n<p><\/p>\n","protected":false},"excerpt":{"rendered":"<p>Hier bekommt ihr einen \u00dcberblick \u00fcber mein fotografisches Angebot und die entsprechenden Preise. Bei weiteren Anfragen schreibt mir gern eine E-Mail an maria@herzogfotografie.de Portrait f\u00fcr dich und dein Unternehmen Ich mag es, wie Verbindungen entstehen und aus fremden Menschen echte Inspirationen werden.\u00a0 Wenn du dir also mal Bilder von dir ganz alleine g\u00f6nnen m\u00f6chtest oder [&hellip;]<\/p>\n","protected":false},"author":2,"featured_media":0,"parent":0,"menu_order":8,"comment_status":"closed","ping_status":"closed","template":"","meta":{"site-sidebar-layout":"default","site-content-layout":"default","ast-site-content-layout":"default","site-content-style":"default","site-sidebar-style":"default","ast-global-header-display":"","ast-banner-title-visibility":"","ast-main-header-display":"","ast-hfb-above-header-display":"","ast-hfb-below-header-display":"","ast-hfb-mobile-header-display":"","site-post-title":"","ast-breadcrumbs-content":"","ast-featured-img":"","footer-sml-layout":"","theme-transparent-header-meta":"default","adv-header-id-meta":"","stick-header-meta":"","header-above-stick-meta":"","header-main-stick-meta":"","header-below-stick-meta":"","astra-migrate-meta-layouts":"default","ast-page-background-enabled":"default","ast-page-background-meta":{"desktop":{"background-color":"","background-image":"","background-repeat":"repeat","background-position":"center center","background-size":"auto","background-attachment":"scroll","background-type":"","background-media":"","overlay-type":"","overlay-color":"","overlay-opacity":"","overlay-gradient":""},"tablet":{"background-color":"","background-image":"","background-repeat":"repeat","background-position":"center center","background-size":"auto","background-attachment":"scroll","background-type":"","background-media":"","overlay-type":"","overlay-color":"","overlay-opacity":"","overlay-gradient":""},"mobile":{"background-color":"","background-image":"","background-repeat":"repeat","background-position":"center center","background-size":"auto","background-attachment":"scroll","background-type":"","background-media":"","overlay-type":"","overlay-color":"","overlay-opacity":"","overlay-gradient":""}},"ast-content-background-meta":{"desktop":{"background-color":"var(--ast-global-color-5)","background-image":"","background-repeat":"repeat","background-position":"center center","background-size":"auto","background-attachment":"scroll","background-type":"","background-media":"","overlay-type":"","overlay-color":"","overlay-opacity":"","overlay-gradient":""},"tablet":{"background-color":"var(--ast-global-color-5)","background-image":"","background-repeat":"repeat","background-position":"center center","background-size":"auto","background-attachment":"scroll","background-type":"","background-media":"","overlay-type":"","overlay-color":"","overlay-opacity":"","overlay-gradient":""},"mobile":{"background-color":"var(--ast-global-color-5)","background-image":"","background-repeat":"repeat","background-position":"center center","background-size":"auto","background-attachment":"scroll","background-type":"","background-media":"","overlay-type":"","overlay-color":"","overlay-opacity":"","overlay-gradient":""}},"footnotes":""},"class_list":["post-1783","page","type-page","status-publish","hentry"],"_links":{"self":[{"href":"https:\/\/www.blende2komma2.de\/herzog\/wp-json\/wp\/v2\/pages\/1783","targetHints":{"allow":["GET"]}}],"collection":[{"href":"https:\/\/www.blende2komma2.de\/herzog\/wp-json\/wp\/v2\/pages"}],"about":[{"href":"https:\/\/www.blende2komma2.de\/herzog\/wp-json\/wp\/v2\/types\/page"}],"author":[{"embeddable":true,"href":"https:\/\/www.blende2komma2.de\/herzog\/wp-json\/wp\/v2\/users\/2"}],"replies":[{"embeddable":true,"href":"https:\/\/www.blende2komma2.de\/herzog\/wp-json\/wp\/v2\/comments?post=1783"}],"version-history":[{"count":7,"href":"https:\/\/www.blende2komma2.de\/herzog\/wp-json\/wp\/v2\/pages\/1783\/revisions"}],"predecessor-version":[{"id":2334,"href":"https:\/\/www.blende2komma2.de\/herzog\/wp-json\/wp\/v2\/pages\/1783\/revisions\/2334"}],"wp:attachment":[{"href":"https:\/\/www.blende2komma2.de\/herzog\/wp-json\/wp\/v2\/media?parent=1783"}],"curies":[{"name":"wp","href":"https:\/\/api.w.org\/{rel}","templated":true}]}}