{"id":1440,"date":"2013-02-05T22:54:00","date_gmt":"2013-02-05T21:54:00","guid":{"rendered":"http:\/\/www.blende2komma2.de\/herzog\/?page_id=1440"},"modified":"2021-02-08T21:22:12","modified_gmt":"2021-02-08T20:22:12","slug":"uber-uns","status":"publish","type":"page","link":"https:\/\/www.blende2komma2.de\/herzog\/uber-uns\/","title":{"rendered":"Hinter der Kamera"},"content":{"rendered":"<p>Hi, ich bin Maria, die Frau hinter dieser Kamera. In den letzten zehn Jahren habe ich mich durch die verschiedenen Genres der Fotografie geklickt und vieles ausprobiert. Von Veranstaltungen wie Galas und Preisverleihungen \u00fcber Hotelzimmer bis hin zum Journalismus und reinen Produktfotos &#8211; vieles hat mir Freude bereitet aber letztendlich lande ich immer wieder an der gleichen Stelle: den Menschen. Ich m\u00f6chte Momente einfangen, tiefe Emotionen konservieren und das Leben zeigen, wie es ist: bunt und wundersch\u00f6n.<\/p>\n<p>Nicht inszeniert. Echt. Und nah. Ich will euch zeigen, wie ich euch sehe und ein St\u00fcck eures Weges neben euch gehen.<\/p>\n<p>Ich fotografiere vor allem Familien, Einzelpersonen, Paare, Freunde, Verliebte, etc. in den unterschiedlichsten Konstellationen. Bei Interesse an einer Fotodokumentation schreib mir eine E-Mail an info@herzogfotografie.de<\/p>\n<p><img loading=\"lazy\" decoding=\"async\" class=\"alignnone size-full wp-image-1991\" src=\"http:\/\/www.blende2komma2.de\/herzog\/wp-content\/uploads\/2019\/09\/ich.jpg\" alt=\"\" width=\"1367\" height=\"520\" \/><\/p>\n<p>Aber ganz allein k\u00f6nnte ich das gar nicht schaffen, deshalb fotografieren wir bei Hochzeiten oder gr\u00f6\u00dferen Projekten meist zu zweit: mein Mann Marco ist ebenfalls Fotograf und mein liebster Arbeitskollege. Au\u00dferdem verbringt er viel Zeit mit der Pflege unserer Technik und Website.\u00a0 Selbst, wenn man es nicht immer sieht: uns gibt es nur als Team.<\/p>\n","protected":false},"excerpt":{"rendered":"<p>Hi, ich bin Maria, die Frau hinter dieser Kamera. In den letzten zehn Jahren habe ich mich durch die verschiedenen Genres der Fotografie geklickt und vieles ausprobiert. Von Veranstaltungen wie Galas und Preisverleihungen \u00fcber Hotelzimmer bis hin zum Journalismus und reinen Produktfotos &#8211; vieles hat mir Freude bereitet aber letztendlich lande ich immer wieder an [&hellip;]<\/p>\n","protected":false},"author":2,"featured_media":0,"parent":0,"menu_order":7,"comment_status":"closed","ping_status":"closed","template":"","meta":{"site-sidebar-layout":"default","site-content-layout":"default","ast-site-content-layout":"default","site-content-style":"default","site-sidebar-style":"default","ast-global-header-display":"","ast-banner-title-visibility":"","ast-main-header-display":"","ast-hfb-above-header-display":"","ast-hfb-below-header-display":"","ast-hfb-mobile-header-display":"","site-post-title":"","ast-breadcrumbs-content":"","ast-featured-img":"","footer-sml-layout":"","theme-transparent-header-meta":"default","adv-header-id-meta":"","stick-header-meta":"","header-above-stick-meta":"","header-main-stick-meta":"","header-below-stick-meta":"","astra-migrate-meta-layouts":"default","ast-page-background-enabled":"default","ast-page-background-meta":{"desktop":{"background-color":"","background-image":"","background-repeat":"repeat","background-position":"center center","background-size":"auto","background-attachment":"scroll","background-type":"","background-media":"","overlay-type":"","overlay-color":"","overlay-opacity":"","overlay-gradient":""},"tablet":{"background-color":"","background-image":"","background-repeat":"repeat","background-position":"center center","background-size":"auto","background-attachment":"scroll","background-type":"","background-media":"","overlay-type":"","overlay-color":"","overlay-opacity":"","overlay-gradient":""},"mobile":{"background-color":"","background-image":"","background-repeat":"repeat","background-position":"center center","background-size":"auto","background-attachment":"scroll","background-type":"","background-media":"","overlay-type":"","overlay-color":"","overlay-opacity":"","overlay-gradient":""}},"ast-content-background-meta":{"desktop":{"background-color":"var(--ast-global-color-5)","background-image":"","background-repeat":"repeat","background-position":"center center","background-size":"auto","background-attachment":"scroll","background-type":"","background-media":"","overlay-type":"","overlay-color":"","overlay-opacity":"","overlay-gradient":""},"tablet":{"background-color":"var(--ast-global-color-5)","background-image":"","background-repeat":"repeat","background-position":"center center","background-size":"auto","background-attachment":"scroll","background-type":"","background-media":"","overlay-type":"","overlay-color":"","overlay-opacity":"","overlay-gradient":""},"mobile":{"background-color":"var(--ast-global-color-5)","background-image":"","background-repeat":"repeat","background-position":"center center","background-size":"auto","background-attachment":"scroll","background-type":"","background-media":"","overlay-type":"","overlay-color":"","overlay-opacity":"","overlay-gradient":""}},"footnotes":""},"class_list":["post-1440","page","type-page","status-publish","hentry"],"_links":{"self":[{"href":"https:\/\/www.blende2komma2.de\/herzog\/wp-json\/wp\/v2\/pages\/1440","targetHints":{"allow":["GET"]}}],"collection":[{"href":"https:\/\/www.blende2komma2.de\/herzog\/wp-json\/wp\/v2\/pages"}],"about":[{"href":"https:\/\/www.blende2komma2.de\/herzog\/wp-json\/wp\/v2\/types\/page"}],"author":[{"embeddable":true,"href":"https:\/\/www.blende2komma2.de\/herzog\/wp-json\/wp\/v2\/users\/2"}],"replies":[{"embeddable":true,"href":"https:\/\/www.blende2komma2.de\/herzog\/wp-json\/wp\/v2\/comments?post=1440"}],"version-history":[{"count":2,"href":"https:\/\/www.blende2komma2.de\/herzog\/wp-json\/wp\/v2\/pages\/1440\/revisions"}],"predecessor-version":[{"id":2164,"href":"https:\/\/www.blende2komma2.de\/herzog\/wp-json\/wp\/v2\/pages\/1440\/revisions\/2164"}],"wp:attachment":[{"href":"https:\/\/www.blende2komma2.de\/herzog\/wp-json\/wp\/v2\/media?parent=1440"}],"curies":[{"name":"wp","href":"https:\/\/api.w.org\/{rel}","templated":true}]}}